{"id":64,"date":"2017-06-26T02:48:18","date_gmt":"2017-06-26T02:48:18","guid":{"rendered":"http:\/\/aktihotel.tp-server.gr\/?page_id=64"},"modified":"2024-01-10T11:51:06","modified_gmt":"2024-01-10T09:51:06","slug":"accommodation","status":"publish","type":"page","link":"https:\/\/www.akti-hotel-molyvos.com\/tr\/accommodation\/","title":{"rendered":"Konaklama"},"content":{"rendered":"<div class=\"wpb-content-wrapper\"><p>[vc_row][vc_column width=&#8221;1\/3&#8243;][vc_column_text]Konaklama &#8211; Tesisler<\/p>\n<p>Molyvosta\u2019ki odalar\u0131m\u0131zda \u015fu imkanlar\u0131 bulunmaktad\u0131r:<\/p>\n<p>klima<br \/>\nmerkezi \u0131s\u0131tma<br \/>\nMuhte\u015fem manzaras\u0131 ile Balkon<br \/>\ntuvalet<br \/>\ng\u00fcnl\u00fck temizlik<br \/>\ninternet ba\u011flant\u0131s\u0131<br \/>\nUydu TV (BBC, ZDF, BVN, KiKa vs.)<br \/>\nmini-bar<br \/>\nm\u00fczik kanal\u0131<br \/>\nbuzdolab\u0131<br \/>\nkasa<br \/>\nsa\u00e7 kurutma makinesi<br \/>\nistek \u00fczerine \u00fct\u00fc ve \u00fct\u00fc masas\u0131.[\/vc_column_text][\/vc_column][vc_column width=&#8221;2\/3&#8243;][vc_tta_tabs][vc_tta_section title=&#8221;\u00c7ift ki\u015filik oda&#8221; tab_id=&#8221;1552388136649-3919feca-6171&#8243;][vc_media_grid element_width=&#8221;3&#8243; grid_id=&#8221;vc_gid:1704880199127-16a9648e-05cf-9&#8243; include=&#8221;229,230,231,232,233,234,235,217,218,219,220,221,222,223,224,225,226,227,228,237,238,239,240,241,242,243,244,245,246,247,248,249,250,251,252,253,254,255,256,257,258,259,260,261,262&#8243;][\/vc_tta_section][vc_tta_section title=&#8221;Superior \u00c7ift Ki\u015filik Oda&#8221; tab_id=&#8221;1552388136666-fdcd34c5-277f&#8221;][vc_media_grid element_width=&#8221;3&#8243; grid_id=&#8221;vc_gid:1704880199127-b6691c17-4cf3-6&#8243; include=&#8221;270,263,264,265,266,267,268,269&#8243;][\/vc_tta_section][vc_tta_section title=&#8221;\u00fc\u00e7 yatak odas\u0131&#8221; tab_id=&#8221;1552388224205-49b9fed5-3de7&#8243;][vc_media_grid grid_id=&#8221;vc_gid:1704880199127-f7682ebf-cdb1-5&#8243; include=&#8221;271,272,273,274,275,276&#8243;][\/vc_tta_section][vc_tta_section title=&#8221;Apartman&#8221; tab_id=&#8221;1552388225971-42f7f63d-c2bf&#8221;][vc_media_grid grid_id=&#8221;vc_gid:1704880199128-3a93e41d-c648-8&#8243; include=&#8221;277,278,279,280,281&#8243;][\/vc_tta_section][\/vc_tta_tabs][\/vc_column][\/vc_row]<\/p>\n<\/div>","protected":false},"excerpt":{"rendered":"<p>[vc_row][vc_column width=&#8221;1\/3&#8243;][vc_column_text]Konaklama &#8211; Tesisler Molyvosta\u2019ki odalar\u0131m\u0131zda \u015fu imkanlar\u0131 bulunmaktad\u0131r: klima merkezi \u0131s\u0131tma Muhte\u015fem manzaras\u0131 ile Balkon tuvalet g\u00fcnl\u00fck temizlik internet ba\u011flant\u0131s\u0131 Uydu TV (BBC, ZDF, BVN, KiKa vs.) mini-bar m\u00fczik kanal\u0131 buzdolab\u0131 kasa sa\u00e7 kurutma makinesi istek \u00fczerine \u00fct\u00fc ve \u00fct\u00fc masas\u0131.[\/vc_column_text][\/vc_column][vc_column width=&#8221;2\/3&#8243;][vc_tta_tabs][vc_tta_section title=&#8221;\u00c7ift ki\u015filik oda&#8221; tab_id=&#8221;1552388136649-3919feca-6171&#8243;][vc_media_grid element_width=&#8221;3&#8243; grid_id=&#8221;vc_gid:1704880199127-16a9648e-05cf-9&#8243; include=&#8221;229,230,231,232,233,234,235,217,218,219,220,221,222,223,224,225,226,227,228,237,238,239,240,241,242,243,244,245,246,247,248,249,250,251,252,253,254,255,256,257,258,259,260,261,262&#8243;][\/vc_tta_section][vc_tta_section title=&#8221;Superior \u00c7ift Ki\u015filik Oda&#8221; tab_id=&#8221;1552388136666-fdcd34c5-277f&#8221;][vc_media_grid&hellip;<\/p>\n","protected":false},"author":1,"featured_media":0,"parent":0,"menu_order":0,"comment_status":"closed","ping_status":"closed","template":"","meta":{"footnotes":""},"class_list":["post-64","page","type-page","status-publish","hentry","description-off"],"_links":{"self":[{"href":"https:\/\/www.akti-hotel-molyvos.com\/tr\/wp-json\/wp\/v2\/pages\/64","targetHints":{"allow":["GET"]}}],"collection":[{"href":"https:\/\/www.akti-hotel-molyvos.com\/tr\/wp-json\/wp\/v2\/pages"}],"about":[{"href":"https:\/\/www.akti-hotel-molyvos.com\/tr\/wp-json\/wp\/v2\/types\/page"}],"author":[{"embeddable":true,"href":"https:\/\/www.akti-hotel-molyvos.com\/tr\/wp-json\/wp\/v2\/users\/1"}],"replies":[{"embeddable":true,"href":"https:\/\/www.akti-hotel-molyvos.com\/tr\/wp-json\/wp\/v2\/comments?post=64"}],"version-history":[{"count":8,"href":"https:\/\/www.akti-hotel-molyvos.com\/tr\/wp-json\/wp\/v2\/pages\/64\/revisions"}],"predecessor-version":[{"id":283,"href":"https:\/\/www.akti-hotel-molyvos.com\/tr\/wp-json\/wp\/v2\/pages\/64\/revisions\/283"}],"wp:attachment":[{"href":"https:\/\/www.akti-hotel-molyvos.com\/tr\/wp-json\/wp\/v2\/media?parent=64"}],"curies":[{"name":"wp","href":"https:\/\/api.w.org\/{rel}","templated":true}]}}