{"id":22,"date":"2017-06-26T02:32:56","date_gmt":"2017-06-26T02:32:56","guid":{"rendered":"http:\/\/aktihotel.tp-server.gr\/?page_id=22"},"modified":"2017-08-30T07:00:58","modified_gmt":"2017-08-30T04:00:58","slug":"akti-hotel","status":"publish","type":"page","link":"https:\/\/www.akti-hotel-molyvos.com\/tr\/akti-hotel\/","title":{"rendered":"Akti Hotel"},"content":{"rendered":"<div class=\"wpb-content-wrapper\"><p>[vc_row][vc_column width=&#8221;1\/3&#8243;][vc_column_text]<\/p>\n<p style=\"text-align: justify;\">Akti Otel<\/p>\n<p style=\"text-align: justify;\">Akti Otel Lesvos&#8217;taki Mithimna k\u00f6y\u00fcne 1km mesafede bulunmaktad\u0131r. Do\u011fa i\u00e7inde ve denize yak\u0131n olan otel Lesvos&#8217;un en iyi otellerden aras\u0131nda yer almaktad\u0131r.<\/p>\n<p style=\"text-align: justify;\">Akti Oteli m\u00fckemmel hizmeti s\u0131cak ve samimi ortam\u0131 ile birlikte Lesvos&#8217;ta unutulmaz bir konaklama sunmaktad\u0131r.<\/p>\n<p style=\"text-align: justify;\">Ayn\u0131 zamanda kahvalt\u0131, muhte\u015fem bir manzaraya sahip teras da sunulmaktad\u0131r.<\/p>\n<p style=\"text-align: justify;\">Otelin i\u00e7inde veya d\u0131\u015f\u0131nda bulunan restaurantlarda yunan mutfa\u011f\u0131n\u0131n tad\u0131n\u0131 \u00e7\u0131kartabilir ve sevdi\u011finiz kokteyllerinizi yudumlayabilirsiniz.<\/p>\n<p style=\"text-align: justify;\">Lesvos&#8217;un Mithimna k\u00f6y\u00fcn\u00fcn en iyi otellerinde rezervasyon edin!!!<\/p>\n<p style=\"text-align: justify;\">Aile otelimiz Akti Lesvos \u015fu hizmetleri sunmaktad\u0131r:<\/p>\n<p style=\"text-align: justify;\">24 saat oda servisi, internet, free wireless internet, g\u00fczel bah\u00e7eler, \u00f6zel park yerleri ve \u015fehre \u00fccretsiz servis hizmeti<\/p>\n<p style=\"text-align: justify;\">D\u0131\u015f havuz ve \u00e7ocuk havuzu, tenis kortu, kapal\u0131 veya a\u00e7\u0131k restaurantlarda kend\u0131 bah\u00e7elerimizde yeti\u015ftirilen organik sebzeleri ve zeytin ya\u011f\u0131n\u0131n tad\u0131n\u0131 \u00e7\u0131kartabilirsiniz. Ayn\u0131 zamanda 24 saat a\u00e7\u0131k resepsiyon, d\u00f6viz b\u00fcrosu, uydu televizyon bulunan salon, \u00e7ama\u015f\u0131rhane, \u00f6zel park yeri ve bir\u00e7ok hizmeti daha bulabilirsiniz.<\/p>\n<p style=\"text-align: justify;\">Ayr\u0131ca \u015fehirde seyahatleriniz i\u00e7in, s\u0131k zamanlama ile Molyvos\u2019a giden \u00fccretsiz otob\u00fcs servisi mevcuttur.<\/p>\n<p style=\"text-align: justify;\">Adan\u0131n etraf\u0131na dola\u015fmak isterseniz araba kiralama ofislerinden sizin i\u00e7in bir araba ayarlayabiliriz.<\/p>\n<p style=\"text-align: justify;\">Ayr\u0131ca mevcut: otopark, \u00f6zel turlar, transferler, yat kiralama.<\/p>\n<p style=\"text-align: justify;\">Lesvos adas\u0131n\u0131n en iyi aile otellerden bir tanesi olan Akti otelde konaklama yaparken kendi eviniz de gibi hissederseniz!<\/p>\n<p>[\/vc_column_text][\/vc_column][vc_column width=&#8221;2\/3&#8243;][vc_media_grid element_width=&#8221;2&#8243; grid_id=&#8221;vc_gid:1504065613846-ce2f915c-5745-7&#8243; include=&#8221;26,27,28,29,30,31,32,33,34,36,37,38,39,40,41,42,43,44,45,46,47,48,49,50,51,52,53,54,55,56,57,58,59,60,61,62&#8243;][\/vc_column][\/vc_row]<\/p>\n<\/div>","protected":false},"excerpt":{"rendered":"<p>[vc_row][vc_column width=&#8221;1\/3&#8243;][vc_column_text] Akti Otel Akti Otel Lesvos&#8217;taki Mithimna k\u00f6y\u00fcne 1km mesafede bulunmaktad\u0131r. Do\u011fa i\u00e7inde ve denize yak\u0131n olan otel Lesvos&#8217;un en iyi otellerden aras\u0131nda yer almaktad\u0131r. Akti Oteli m\u00fckemmel hizmeti s\u0131cak ve samimi ortam\u0131 ile birlikte Lesvos&#8217;ta unutulmaz bir konaklama sunmaktad\u0131r. Ayn\u0131 zamanda kahvalt\u0131, muhte\u015fem bir manzaraya sahip teras da sunulmaktad\u0131r. Otelin i\u00e7inde veya d\u0131\u015f\u0131nda&hellip;<\/p>\n","protected":false},"author":1,"featured_media":0,"parent":0,"menu_order":0,"comment_status":"closed","ping_status":"closed","template":"","meta":{"footnotes":""},"class_list":["post-22","page","type-page","status-publish","hentry","description-off"],"_links":{"self":[{"href":"https:\/\/www.akti-hotel-molyvos.com\/tr\/wp-json\/wp\/v2\/pages\/22","targetHints":{"allow":["GET"]}}],"collection":[{"href":"https:\/\/www.akti-hotel-molyvos.com\/tr\/wp-json\/wp\/v2\/pages"}],"about":[{"href":"https:\/\/www.akti-hotel-molyvos.com\/tr\/wp-json\/wp\/v2\/types\/page"}],"author":[{"embeddable":true,"href":"https:\/\/www.akti-hotel-molyvos.com\/tr\/wp-json\/wp\/v2\/users\/1"}],"replies":[{"embeddable":true,"href":"https:\/\/www.akti-hotel-molyvos.com\/tr\/wp-json\/wp\/v2\/comments?post=22"}],"version-history":[{"count":6,"href":"https:\/\/www.akti-hotel-molyvos.com\/tr\/wp-json\/wp\/v2\/pages\/22\/revisions"}],"predecessor-version":[{"id":177,"href":"https:\/\/www.akti-hotel-molyvos.com\/tr\/wp-json\/wp\/v2\/pages\/22\/revisions\/177"}],"wp:attachment":[{"href":"https:\/\/www.akti-hotel-molyvos.com\/tr\/wp-json\/wp\/v2\/media?parent=22"}],"curies":[{"name":"wp","href":"https:\/\/api.w.org\/{rel}","templated":true}]}}