{"id":99,"date":"2017-06-26T02:55:15","date_gmt":"2017-06-26T02:55:15","guid":{"rendered":"http:\/\/aktihotel.tp-server.gr\/?page_id=99"},"modified":"2017-06-30T08:48:18","modified_gmt":"2017-06-30T08:48:18","slug":"mythimna-molyvos","status":"publish","type":"page","link":"https:\/\/www.akti-hotel-molyvos.com\/de\/mythimna-molyvos\/","title":{"rendered":"Mythimna (Molyvos)"},"content":{"rendered":"<div class=\"wpb-content-wrapper\"><p>[vc_row][vc_column width=&#8221;1\/3&#8243;][vc_column_text]<\/p>\n<p style=\"text-align: justify;\">Lesvos Unterkunft im Akti Hotel<br \/>\nDas Akti Hotel in Lesvos bietet komfortable und moderne Apartments, Zimmer und Studios in Molyvos mit unglaublichem Ausblick auf das \u00c4g\u00e4ische Meer<br \/>\nAkti Zimmer in Molyvos Einrichtungen<br \/>\nUnsere Zimmer in Molyvos haben folgende Einrichtungen: Klimaanlage und Zentralheizung, Balkon mit wunderbarem Ausblick, Badezimmer, t\u00e4glichen Reinigungsservice, Direktwahltelefon&amp;Internetzugang, Satelliten-TV (BBC, ZDF, BVN, KiKa etc), Minibar, Musikkanal, K\u00fchlschrank, Safe, Haartrockner, B\u00fcgeleisen und B\u00fcgelbrett auf Anfrage.<br \/>\nStudios &amp; Apartments haben ihre eigenen vollausgestattete K\u00fcchenecken.<br \/>\nMachen Sie Ihre Online-Reservierung f\u00fcr die beste Unterkunft in Lesvos im Akti Hotel!<\/p>\n<p>[\/vc_column_text][\/vc_column][vc_column width=&#8221;2\/3&#8243;][vc_media_grid element_width=&#8221;2&#8243; grid_id=&#8221;vc_gid:1498812461422-9a6d2e0b-822e-5&#8243; include=&#8221;102,103,104,140,138,105,106,139,107,108,109,110,111,112,113,114,116,117,118,119,120,121,122,123,124,125,126,127,128,129,130,131,132,135,136,137&#8243;][\/vc_column][\/vc_row]<\/p>\n<\/div>","protected":false},"excerpt":{"rendered":"<p>[vc_row][vc_column width=&#8221;1\/3&#8243;][vc_column_text] Lesvos Unterkunft im Akti Hotel Das Akti Hotel in Lesvos bietet komfortable und moderne Apartments, Zimmer und Studios in Molyvos mit unglaublichem Ausblick auf das \u00c4g\u00e4ische Meer Akti Zimmer in Molyvos Einrichtungen Unsere Zimmer in Molyvos haben folgende Einrichtungen: Klimaanlage und Zentralheizung, Balkon mit wunderbarem Ausblick, Badezimmer, t\u00e4glichen Reinigungsservice, Direktwahltelefon&amp;Internetzugang, Satelliten-TV (BBC, ZDF,&hellip;<\/p>\n","protected":false},"author":1,"featured_media":0,"parent":0,"menu_order":0,"comment_status":"closed","ping_status":"closed","template":"","meta":{"footnotes":""},"class_list":["post-99","page","type-page","status-publish","hentry","description-off"],"_links":{"self":[{"href":"https:\/\/www.akti-hotel-molyvos.com\/de\/wp-json\/wp\/v2\/pages\/99","targetHints":{"allow":["GET"]}}],"collection":[{"href":"https:\/\/www.akti-hotel-molyvos.com\/de\/wp-json\/wp\/v2\/pages"}],"about":[{"href":"https:\/\/www.akti-hotel-molyvos.com\/de\/wp-json\/wp\/v2\/types\/page"}],"author":[{"embeddable":true,"href":"https:\/\/www.akti-hotel-molyvos.com\/de\/wp-json\/wp\/v2\/users\/1"}],"replies":[{"embeddable":true,"href":"https:\/\/www.akti-hotel-molyvos.com\/de\/wp-json\/wp\/v2\/comments?post=99"}],"version-history":[{"count":6,"href":"https:\/\/www.akti-hotel-molyvos.com\/de\/wp-json\/wp\/v2\/pages\/99\/revisions"}],"predecessor-version":[{"id":115,"href":"https:\/\/www.akti-hotel-molyvos.com\/de\/wp-json\/wp\/v2\/pages\/99\/revisions\/115"}],"wp:attachment":[{"href":"https:\/\/www.akti-hotel-molyvos.com\/de\/wp-json\/wp\/v2\/media?parent=99"}],"curies":[{"name":"wp","href":"https:\/\/api.w.org\/{rel}","templated":true}]}}