{"id":64,"date":"2017-06-26T02:48:18","date_gmt":"2017-06-26T02:48:18","guid":{"rendered":"http:\/\/aktihotel.tp-server.gr\/?page_id=64"},"modified":"2017-06-30T08:51:34","modified_gmt":"2017-06-30T08:51:34","slug":"accommodation","status":"publish","type":"page","link":"https:\/\/www.akti-hotel-molyvos.com\/de\/accommodation\/","title":{"rendered":"Einrichtungen"},"content":{"rendered":"<div class=\"wpb-content-wrapper\"><p>[vc_row][vc_column width=&#8221;1\/3&#8243;][vc_column_text]Unser Lesvos Familienhotel Akti hat folgende Einrichtungen zu bieten:<\/p>\n<p>&nbsp;<\/p>\n<p>24-Stunden Zimmerservice, Internetecke, kostenloses kabelloses Internet, sch\u00f6ne G\u00e4rten, privater Parkplatz und kostenlosen h\u00e4ufigen Transferservice mit dem Bus in die Stadt<\/p>\n<p>Pool im Freien und Kinderpool, Tenniscourt, Poolbar, Innen &#8211; und Au\u00dfenrestaurant (am Pool), wo Sie unser biologisch angebautes Gem\u00fcse und Oliven\u00f6l aus unseren G\u00e4rten genie\u00dfen k\u00f6nnen, Bar<br \/>\n24-Stunden Rezeption, Geldwechselservice, Satelliten-TV Lounge, W\u00e4scheservice,<\/p>\n<p>G\u00e4rten, privater Parkplatz und mehr<\/p>\n<p>F\u00fcr Spazierg\u00e4nge in die Stadt nach Molyvos stellen wir Ihnen mehrmals am Tag unseren kostenlosen Transferservice mit dem Bus zur Verf\u00fcgung. Wenn Sie die Insel erkunden m\u00f6chten, dann k\u00f6nnen Sie sich bei der Autovermietung unseres Hotels aus einer Vielfalt an neuen Automodellen eins aussuchen.<\/p>\n<p>Au\u00dferdem bieten wir dies: Parkplatz, private Ausfl\u00fcge, Transferservice, Yachtvermietung.<\/p>\n<p>Deshalb sollten Sie Ihre Reservierung in einem der besten Lesvos Familienhotels, Akti<\/p>\n<p>&nbsp;<\/p>\n<p>Hotel, machen und sich wie zuhause f\u00fchlen![\/vc_column_text][\/vc_column][vc_column width=&#8221;2\/3&#8243;][vc_media_grid element_width=&#8221;2&#8243; grid_id=&#8221;vc_gid:1498812518845-26046f8d-b783-9&#8243; include=&#8221;65,66,67,68,69,70,71,72,73,74,75,76,77,78,79,80,81,82,83,84,85,86,87,88,89,90,91,92,93,94&#8243;][\/vc_column][\/vc_row]<\/p>\n<\/div>","protected":false},"excerpt":{"rendered":"<p>[vc_row][vc_column width=&#8221;1\/3&#8243;][vc_column_text]Unser Lesvos Familienhotel Akti hat folgende Einrichtungen zu bieten: &nbsp; 24-Stunden Zimmerservice, Internetecke, kostenloses kabelloses Internet, sch\u00f6ne G\u00e4rten, privater Parkplatz und kostenlosen h\u00e4ufigen Transferservice mit dem Bus in die Stadt Pool im Freien und Kinderpool, Tenniscourt, Poolbar, Innen &#8211; und Au\u00dfenrestaurant (am Pool), wo Sie unser biologisch angebautes Gem\u00fcse und Oliven\u00f6l aus unseren G\u00e4rten&hellip;<\/p>\n","protected":false},"author":1,"featured_media":0,"parent":0,"menu_order":0,"comment_status":"closed","ping_status":"closed","template":"","meta":{"footnotes":""},"class_list":["post-64","page","type-page","status-publish","hentry","description-off"],"_links":{"self":[{"href":"https:\/\/www.akti-hotel-molyvos.com\/de\/wp-json\/wp\/v2\/pages\/64","targetHints":{"allow":["GET"]}}],"collection":[{"href":"https:\/\/www.akti-hotel-molyvos.com\/de\/wp-json\/wp\/v2\/pages"}],"about":[{"href":"https:\/\/www.akti-hotel-molyvos.com\/de\/wp-json\/wp\/v2\/types\/page"}],"author":[{"embeddable":true,"href":"https:\/\/www.akti-hotel-molyvos.com\/de\/wp-json\/wp\/v2\/users\/1"}],"replies":[{"embeddable":true,"href":"https:\/\/www.akti-hotel-molyvos.com\/de\/wp-json\/wp\/v2\/comments?post=64"}],"version-history":[{"count":4,"href":"https:\/\/www.akti-hotel-molyvos.com\/de\/wp-json\/wp\/v2\/pages\/64\/revisions"}],"predecessor-version":[{"id":171,"href":"https:\/\/www.akti-hotel-molyvos.com\/de\/wp-json\/wp\/v2\/pages\/64\/revisions\/171"}],"wp:attachment":[{"href":"https:\/\/www.akti-hotel-molyvos.com\/de\/wp-json\/wp\/v2\/media?parent=64"}],"curies":[{"name":"wp","href":"https:\/\/api.w.org\/{rel}","templated":true}]}}