{"id":22,"date":"2017-06-26T02:32:56","date_gmt":"2017-06-26T02:32:56","guid":{"rendered":"http:\/\/aktihotel.tp-server.gr\/?page_id=22"},"modified":"2017-06-30T08:45:08","modified_gmt":"2017-06-30T08:45:08","slug":"akti-hotel","status":"publish","type":"page","link":"https:\/\/www.akti-hotel-molyvos.com\/de\/akti-hotel\/","title":{"rendered":"Akti Hotel"},"content":{"rendered":"<div class=\"wpb-content-wrapper\"><p>[vc_row][vc_column width=&#8221;1\/3&#8243;][vc_column_text]<\/p>\n<p style=\"text-align: justify;\">Willkommen im Akti Hotel in Lesvos.<br \/>\nDas Akti Hotel in Lesvos befindet sich nur 1 km von Mithymna (Molyvos) entfernt auf der Insel Lesvos, direkt an der K\u00fcstenlandschaft gelegen und ist eines der Tophotels in Lesvos. Der exzellente Service in Kombination mit der nat\u00fcrlichen Sch\u00f6nheit und der warmen und freundlichen Atmosph\u00e4re des Akti Hotels, es ist eine Garantie f\u00fcr einen speziellen und unvergesslichen Aufenthalt in Lesvos.<br \/>\nDas Fr\u00fchst\u00fcck wird auf einer sch\u00f6nen Veranda mit wundervollem Ausblick serviert. Unsere griechische K\u00fcche kann drau\u00dfen in unserem Restaurant oder an unserem Pool genossen werden, dort oder an unserer Bar k\u00f6nnen Sie auch unsere beliebten Cocktails trinken.<br \/>\nBuchen Sie Ihren Aufenthalt in einem der besten Hotels in Mithymna auf der Insel Lesvos!<\/p>\n<p>[\/vc_column_text][\/vc_column][vc_column width=&#8221;2\/3&#8243;][vc_media_grid element_width=&#8221;2&#8243; grid_id=&#8221;vc_gid:1498812270943-01b78e8d-5bf6-3&#8243; include=&#8221;26,27,28,29,30,31,32,33,34,36,37,38,39,40,41,42,43,44,45,46,47,48,49,50,51,52,53,54,55,56,57,58,59,60,61,62&#8243;][\/vc_column][\/vc_row]<\/p>\n<\/div>","protected":false},"excerpt":{"rendered":"<p>[vc_row][vc_column width=&#8221;1\/3&#8243;][vc_column_text] Willkommen im Akti Hotel in Lesvos. Das Akti Hotel in Lesvos befindet sich nur 1 km von Mithymna (Molyvos) entfernt auf der Insel Lesvos, direkt an der K\u00fcstenlandschaft gelegen und ist eines der Tophotels in Lesvos. Der exzellente Service in Kombination mit der nat\u00fcrlichen Sch\u00f6nheit und der warmen und freundlichen Atmosph\u00e4re des Akti&hellip;<\/p>\n","protected":false},"author":1,"featured_media":0,"parent":0,"menu_order":0,"comment_status":"closed","ping_status":"closed","template":"","meta":{"footnotes":""},"class_list":["post-22","page","type-page","status-publish","hentry","description-off"],"_links":{"self":[{"href":"https:\/\/www.akti-hotel-molyvos.com\/de\/wp-json\/wp\/v2\/pages\/22","targetHints":{"allow":["GET"]}}],"collection":[{"href":"https:\/\/www.akti-hotel-molyvos.com\/de\/wp-json\/wp\/v2\/pages"}],"about":[{"href":"https:\/\/www.akti-hotel-molyvos.com\/de\/wp-json\/wp\/v2\/types\/page"}],"author":[{"embeddable":true,"href":"https:\/\/www.akti-hotel-molyvos.com\/de\/wp-json\/wp\/v2\/users\/1"}],"replies":[{"embeddable":true,"href":"https:\/\/www.akti-hotel-molyvos.com\/de\/wp-json\/wp\/v2\/comments?post=22"}],"version-history":[{"count":6,"href":"https:\/\/www.akti-hotel-molyvos.com\/de\/wp-json\/wp\/v2\/pages\/22\/revisions"}],"predecessor-version":[{"id":168,"href":"https:\/\/www.akti-hotel-molyvos.com\/de\/wp-json\/wp\/v2\/pages\/22\/revisions\/168"}],"wp:attachment":[{"href":"https:\/\/www.akti-hotel-molyvos.com\/de\/wp-json\/wp\/v2\/media?parent=22"}],"curies":[{"name":"wp","href":"https:\/\/api.w.org\/{rel}","templated":true}]}}